{"id":1359,"date":"2025-06-04T09:55:36","date_gmt":"2025-06-04T09:55:36","guid":{"rendered":"https:\/\/scoala-satchinez.ro\/?page_id=1359"},"modified":"2025-06-17T17:50:32","modified_gmt":"2025-06-17T17:50:32","slug":"noutati","status":"publish","type":"page","link":"https:\/\/scoala-satchinez.ro\/en\/noutati\/","title":{"rendered":"News"},"content":{"rendered":"<div data-elementor-type=\"wp-page\" data-elementor-id=\"1359\" class=\"elementor elementor-1359\">\n\t\t\t\t<div class=\"elementor-element elementor-element-257870b e-con-full e-flex e-con e-parent\" data-id=\"257870b\" data-element_type=\"container\" data-settings=\"{&quot;background_background&quot;:&quot;classic&quot;}\">\n\t\t<div class=\"elementor-element elementor-element-e040a11 e-flex e-con-boxed e-con e-child\" data-id=\"e040a11\" data-element_type=\"container\">\n\t\t\t\t\t<div class=\"e-con-inner\">\n\t\t\t\t<div class=\"elementor-element elementor-element-d2c1a0a elementor-widget elementor-widget-heading\" data-id=\"d2c1a0a\" data-element_type=\"widget\" data-widget_type=\"heading.default\">\n\t\t\t\t<div class=\"elementor-widget-container\">\n\t\t\t\t\t<h2 class=\"elementor-heading-title elementor-size-default\">News<\/h2>\t\t\t\t<\/div>\n\t\t\t\t<\/div>\n\t\t\t\t\t<\/div>\n\t\t\t\t<\/div>\n\t\t\t\t<\/div>\n\t\t<div class=\"elementor-element elementor-element-58a0773 e-flex e-con-boxed e-con e-parent\" data-id=\"58a0773\" data-element_type=\"container\">\n\t\t\t\t\t<div class=\"e-con-inner\">\n\t\t\t\t<div class=\"elementor-element elementor-element-13ec70c elementor-grid-eael-col-3 elementor-grid-tablet-eael-col-2 elementor-grid-mobile-eael-col-1 elementor-widget elementor-widget-eael-post-grid\" data-id=\"13ec70c\" data-element_type=\"widget\" data-settings=\"{&quot;eael_post_grid_columns&quot;:&quot;eael-col-3&quot;,&quot;eael_post_grid_columns_tablet&quot;:&quot;eael-col-2&quot;,&quot;eael_post_grid_columns_mobile&quot;:&quot;eael-col-1&quot;}\" data-widget_type=\"eael-post-grid.default\">\n\t\t\t\t<div class=\"elementor-widget-container\">\n\t\t\t\t\t<div id=\"eael-post-grid-13ec70c\" class=\"eael-post-grid-container\">\n            <div class=\"eael-post-grid eael-post-appender eael-post-appender-13ec70c eael-post-grid-style-two\" data-layout-mode=\"masonry\"><article class=\"eael-grid-post eael-post-grid-column\" data-id=\"1850\">\n    <div class=\"eael-grid-post-holder\">\n        <div class=\"eael-grid-post-holder-inner\"><div class=\"eael-entry-media\"><div class=\"eael-entry-overlay fade-in\"><i class=\"fas fa-long-arrow-alt-right\" aria-hidden=\"true\"><\/i><a href=\"https:\/\/scoala-satchinez.ro\/en\/noutati_page\/saptamana-verde-ziua-nr-1-ziua-drimoland-ziua-jocului-si-a-copilariei\/\"><\/a><\/div><div class=\"eael-entry-thumbnail\">\n                            <img fetchpriority=\"high\" decoding=\"async\" width=\"1600\" height=\"1066\" src=\"https:\/\/scoala-satchinez.ro\/wp-content\/uploads\/2026\/03\/Saptamana-verde-p1.jpg\" class=\"attachment-full size-full wp-image-1851\" alt=\"\" srcset=\"https:\/\/scoala-satchinez.ro\/wp-content\/uploads\/2026\/03\/Saptamana-verde-p1.jpg 1600w, https:\/\/scoala-satchinez.ro\/wp-content\/uploads\/2026\/03\/Saptamana-verde-p1-300x200.jpg 300w, https:\/\/scoala-satchinez.ro\/wp-content\/uploads\/2026\/03\/Saptamana-verde-p1-1024x682.jpg 1024w, https:\/\/scoala-satchinez.ro\/wp-content\/uploads\/2026\/03\/Saptamana-verde-p1-768x512.jpg 768w, https:\/\/scoala-satchinez.ro\/wp-content\/uploads\/2026\/03\/Saptamana-verde-p1-1536x1023.jpg 1536w, https:\/\/scoala-satchinez.ro\/wp-content\/uploads\/2026\/03\/Saptamana-verde-p1-18x12.jpg 18w, https:\/\/scoala-satchinez.ro\/wp-content\/uploads\/2026\/03\/Saptamana-verde-p1-930x620.jpg 930w\" sizes=\"(max-width: 1600px) 100vw, 1600px\" \/>\n                            <\/div>\n                    <\/div><div class=\"eael-entry-wrapper\"><header class=\"eael-entry-header\"><h2 class=\"eael-entry-title\"><a class=\"eael-grid-post-link\" href=\"https:\/\/scoala-satchinez.ro\/en\/noutati_page\/saptamana-verde-ziua-nr-1-ziua-drimoland-ziua-jocului-si-a-copilariei\/\" title=\"S\u0103pt\u0103m\u00e2na verde- Ziua nr. 1- Ziua Drimoland, ziua jocului \u015fi a copil\u0103riei!\">S\u0103pt\u0103m\u00e2na verde- Ziua nr. 1- Ziua Drimoland, ziua jocului \u015fi a copil\u0103riei!<\/a><\/h2><\/header><div class=\"eael-entry-content\">\n                                <div class=\"eael-grid-post-excerpt\"><p>S\u0103pt\u0103m\u00e2na verde- Ziua nr. 1- Ziua Drimoland, ziua jocului \u015fi...<\/p><a href=\"https:\/\/scoala-satchinez.ro\/en\/noutati_page\/saptamana-verde-ziua-nr-1-ziua-drimoland-ziua-jocului-si-a-copilariei\/\" class=\"eael-post-elements-readmore-btn\">Learn More<\/a><\/div>\n                            <\/div><div class=\"eael-entry-header-after style-two\"><div class=\"eael-entry-meta\"><span class=\"eael-meta-posted-on\"><i class=\"far fa-clock\"><\/i><time datetime=\"March 31, 2026\">March 31, 2026<\/time><\/span><\/div><\/div><\/div><\/div>\n    <\/div>\n<\/article><article class=\"eael-grid-post eael-post-grid-column\" data-id=\"1829\">\n    <div class=\"eael-grid-post-holder\">\n        <div class=\"eael-grid-post-holder-inner\"><div class=\"eael-entry-media\"><div class=\"eael-entry-overlay fade-in\"><i class=\"fas fa-long-arrow-alt-right\" aria-hidden=\"true\"><\/i><a href=\"https:\/\/scoala-satchinez.ro\/en\/noutati_page\/parteneriat-erasmus-pentru-educatie-moderna\/\"><\/a><\/div><div class=\"eael-entry-thumbnail\">\n                            <img decoding=\"async\" width=\"2048\" height=\"1152\" src=\"https:\/\/scoala-satchinez.ro\/wp-content\/uploads\/2026\/03\/primarie-2.jpeg\" class=\"attachment-full size-full wp-image-1830\" alt=\"\" srcset=\"https:\/\/scoala-satchinez.ro\/wp-content\/uploads\/2026\/03\/primarie-2.jpeg 2048w, https:\/\/scoala-satchinez.ro\/wp-content\/uploads\/2026\/03\/primarie-2-300x169.jpeg 300w, https:\/\/scoala-satchinez.ro\/wp-content\/uploads\/2026\/03\/primarie-2-1024x576.jpeg 1024w, https:\/\/scoala-satchinez.ro\/wp-content\/uploads\/2026\/03\/primarie-2-768x432.jpeg 768w, https:\/\/scoala-satchinez.ro\/wp-content\/uploads\/2026\/03\/primarie-2-1536x864.jpeg 1536w, https:\/\/scoala-satchinez.ro\/wp-content\/uploads\/2026\/03\/primarie-2-18x10.jpeg 18w\" sizes=\"(max-width: 2048px) 100vw, 2048px\" \/>\n                            <\/div>\n                    <\/div><div class=\"eael-entry-wrapper\"><header class=\"eael-entry-header\"><h2 class=\"eael-entry-title\"><a class=\"eael-grid-post-link\" href=\"https:\/\/scoala-satchinez.ro\/en\/noutati_page\/parteneriat-erasmus-pentru-educatie-moderna\/\" title=\"Parteneriat Erasmus+ pentru educa\u0163ie modern\u00e3!\">Parteneriat Erasmus+ pentru educa\u0163ie modern\u00e3!<\/a><\/h2><\/header><div class=\"eael-entry-content\">\n                                <div class=\"eael-grid-post-excerpt\"><p>Parteneriat Erasmus+ pentru educa\u0163ie modern\u00e3! \u0218coala noastr\u0103 are bucuria de...<\/p><a href=\"https:\/\/scoala-satchinez.ro\/en\/noutati_page\/parteneriat-erasmus-pentru-educatie-moderna\/\" class=\"eael-post-elements-readmore-btn\">Learn More<\/a><\/div>\n                            <\/div><div class=\"eael-entry-header-after style-two\"><div class=\"eael-entry-meta\"><span class=\"eael-meta-posted-on\"><i class=\"far fa-clock\"><\/i><time datetime=\"March 16, 2026\">March 16, 2026<\/time><\/span><\/div><\/div><\/div><\/div>\n    <\/div>\n<\/article><article class=\"eael-grid-post eael-post-grid-column\" data-id=\"1602\">\n    <div class=\"eael-grid-post-holder\">\n        <div class=\"eael-grid-post-holder-inner\"><div class=\"eael-entry-media\"><div class=\"eael-entry-overlay fade-in\"><i class=\"fas fa-long-arrow-alt-right\" aria-hidden=\"true\"><\/i><a href=\"https:\/\/scoala-satchinez.ro\/en\/noutati_page\/a-sunat-clopotelul\/\"><\/a><\/div><div class=\"eael-entry-thumbnail\">\n                            <img decoding=\"async\" width=\"1600\" height=\"1200\" src=\"https:\/\/scoala-satchinez.ro\/wp-content\/uploads\/2025\/09\/WhatsApp-Image-2025-09-10-at-09.49.17-2.jpeg\" class=\"attachment-full size-full wp-image-1603\" alt=\"\" srcset=\"https:\/\/scoala-satchinez.ro\/wp-content\/uploads\/2025\/09\/WhatsApp-Image-2025-09-10-at-09.49.17-2.jpeg 1600w, https:\/\/scoala-satchinez.ro\/wp-content\/uploads\/2025\/09\/WhatsApp-Image-2025-09-10-at-09.49.17-2-300x225.jpeg 300w, https:\/\/scoala-satchinez.ro\/wp-content\/uploads\/2025\/09\/WhatsApp-Image-2025-09-10-at-09.49.17-2-1024x768.jpeg 1024w, https:\/\/scoala-satchinez.ro\/wp-content\/uploads\/2025\/09\/WhatsApp-Image-2025-09-10-at-09.49.17-2-768x576.jpeg 768w, https:\/\/scoala-satchinez.ro\/wp-content\/uploads\/2025\/09\/WhatsApp-Image-2025-09-10-at-09.49.17-2-1536x1152.jpeg 1536w, https:\/\/scoala-satchinez.ro\/wp-content\/uploads\/2025\/09\/WhatsApp-Image-2025-09-10-at-09.49.17-2-16x12.jpeg 16w\" sizes=\"(max-width: 1600px) 100vw, 1600px\" \/>\n                            <\/div>\n                    <\/div><div class=\"eael-entry-wrapper\"><header class=\"eael-entry-header\"><h2 class=\"eael-entry-title\"><a class=\"eael-grid-post-link\" href=\"https:\/\/scoala-satchinez.ro\/en\/noutati_page\/a-sunat-clopotelul\/\" title=\"A sunat clopotelul!\">A sunat clopotelul!<\/a><\/h2><\/header><div class=\"eael-entry-content\">\n                                <div class=\"eael-grid-post-excerpt\"><p>A sunat clopotelul! Am pornit \u00eempreun\u0103 \u00eentr-o nou\u0103 c\u0103l\u0103torie a...<\/p><a href=\"https:\/\/scoala-satchinez.ro\/en\/noutati_page\/a-sunat-clopotelul\/\" class=\"eael-post-elements-readmore-btn\">Learn More<\/a><\/div>\n                            <\/div><div class=\"eael-entry-header-after style-two\"><div class=\"eael-entry-meta\"><span class=\"eael-meta-posted-on\"><i class=\"far fa-clock\"><\/i><time datetime=\"September 17, 2025\">September 17, 2025<\/time><\/span><\/div><\/div><\/div><\/div>\n    <\/div>\n<\/article><article class=\"eael-grid-post eael-post-grid-column\" data-id=\"1524\">\n    <div class=\"eael-grid-post-holder\">\n        <div class=\"eael-grid-post-holder-inner\"><div class=\"eael-entry-media\"><div class=\"eael-entry-overlay fade-in\"><i class=\"fas fa-long-arrow-alt-right\" aria-hidden=\"true\"><\/i><a href=\"https:\/\/scoala-satchinez.ro\/en\/noutati_page\/scoala-altfel-2025-2026-2\/\"><\/a><\/div><div class=\"eael-entry-thumbnail\">\n                            <img loading=\"lazy\" decoding=\"async\" width=\"2048\" height=\"1365\" src=\"https:\/\/scoala-satchinez.ro\/wp-content\/uploads\/2025\/06\/DSC_0137-4.jpg\" class=\"attachment-full size-full wp-image-1535\" alt=\"\" srcset=\"https:\/\/scoala-satchinez.ro\/wp-content\/uploads\/2025\/06\/DSC_0137-4.jpg 2048w, https:\/\/scoala-satchinez.ro\/wp-content\/uploads\/2025\/06\/DSC_0137-4-300x200.jpg 300w, https:\/\/scoala-satchinez.ro\/wp-content\/uploads\/2025\/06\/DSC_0137-4-1024x683.jpg 1024w, https:\/\/scoala-satchinez.ro\/wp-content\/uploads\/2025\/06\/DSC_0137-4-768x512.jpg 768w, https:\/\/scoala-satchinez.ro\/wp-content\/uploads\/2025\/06\/DSC_0137-4-1536x1024.jpg 1536w, https:\/\/scoala-satchinez.ro\/wp-content\/uploads\/2025\/06\/DSC_0137-4-930x620.jpg 930w\" sizes=\"(max-width: 2048px) 100vw, 2048px\" \/>\n                            <\/div>\n                    <\/div><div class=\"eael-entry-wrapper\"><header class=\"eael-entry-header\"><h2 class=\"eael-entry-title\"><a class=\"eael-grid-post-link\" href=\"https:\/\/scoala-satchinez.ro\/en\/noutati_page\/scoala-altfel-2025-2026-2\/\" title=\"Scoala Altfel 2025-2026\">Scoala Altfel 2025-2026<\/a><\/h2><\/header><div class=\"eael-entry-content\">\n                                <div class=\"eael-grid-post-excerpt\"><p>Schoala Altfel 2025-2026 Teachers and students share experiences, ideas, activities...<\/p><a href=\"https:\/\/scoala-satchinez.ro\/en\/noutati_page\/scoala-altfel-2025-2026-2\/\" class=\"eael-post-elements-readmore-btn\">Learn More<\/a><\/div>\n                            <\/div><div class=\"eael-entry-header-after style-two\"><div class=\"eael-entry-meta\"><span class=\"eael-meta-posted-on\"><i class=\"far fa-clock\"><\/i><time datetime=\"June 17, 2025\">June 17, 2025<\/time><\/span><\/div><\/div><\/div><\/div>\n    <\/div>\n<\/article><\/div>\n            <div class=\"clearfix\"><\/div>\n        <\/div>            <div class=\"eael-load-more-button-wrap eael-force-hide\">\n                <button class=\"eael-load-more-button\" id=\"eael-load-more-btn-13ec70c\" data-widget-id=\"13ec70c\" data-widget=\"13ec70c\" data-page-id=\"1359\" data-template=\"{&quot;dir&quot;:&quot;lite&quot;,&quot;file_name&quot;:&quot;two.php&quot;,&quot;name&quot;:&quot;Post-Grid&quot;}\" data-class=\"Essential_Addons_Elementor\\Elements\\Post_Grid\" data-layout=\"masonry\" data-page=\"1\" data-args=\"orderby=date&amp;order=desc&amp;ignore_sticky_posts=1&amp;post_status=publish&amp;posts_per_page=4&amp;offset=0&amp;post_type=noutati_page\" data-max-page=\"2\">\n                    <span class=\"eael-btn-loader button__loader\"><\/span>\n                    <span class=\"eael_load_more_text\">Load More<\/span>\n                <\/button>\n            <\/div>\n            \t\t\t\t<\/div>\n\t\t\t\t<\/div>\n\t\t\t\t\t<\/div>\n\t\t\t\t<\/div>\n\t\t\t\t<\/div>","protected":false},"excerpt":{"rendered":"<p>Nout\u0103\u021bi Scoala Altfel 2025-2026 Scoala Altfel 2025-2026 Profesorii \u0219i elevii \u00eemp\u0103rt\u0103\u0219esc experien\u021be, idei, activit\u0103\u021bi&#8230; Afl\u0103 mai multe June 17, 2025 Renov\u0103ri din fonduri Europene Renov\u0103ri din fonduri Europene \u0218coala Gimnazial\u0103 Satchinez, un model de&#8230; Afl\u0103 mai multe June 17, 2025<\/p>","protected":false},"author":1,"featured_media":0,"parent":0,"menu_order":0,"comment_status":"closed","ping_status":"closed","template":"page-templates\/template-pagebuilder-full-width.php","meta":{"_eb_attr":"","neve_meta_sidebar":"","neve_meta_container":"","neve_meta_enable_content_width":"","neve_meta_content_width":0,"neve_meta_title_alignment":"","neve_meta_author_avatar":"","neve_post_elements_order":"","neve_meta_disable_header":"","neve_meta_disable_footer":"","neve_meta_disable_title":"","_themeisle_gutenberg_block_has_review":false,"footnotes":""},"class_list":["post-1359","page","type-page","status-publish","hentry"],"_links":{"self":[{"href":"https:\/\/scoala-satchinez.ro\/en\/wp-json\/wp\/v2\/pages\/1359","targetHints":{"allow":["GET"]}}],"collection":[{"href":"https:\/\/scoala-satchinez.ro\/en\/wp-json\/wp\/v2\/pages"}],"about":[{"href":"https:\/\/scoala-satchinez.ro\/en\/wp-json\/wp\/v2\/types\/page"}],"author":[{"embeddable":true,"href":"https:\/\/scoala-satchinez.ro\/en\/wp-json\/wp\/v2\/users\/1"}],"replies":[{"embeddable":true,"href":"https:\/\/scoala-satchinez.ro\/en\/wp-json\/wp\/v2\/comments?post=1359"}],"version-history":[{"count":35,"href":"https:\/\/scoala-satchinez.ro\/en\/wp-json\/wp\/v2\/pages\/1359\/revisions"}],"predecessor-version":[{"id":1544,"href":"https:\/\/scoala-satchinez.ro\/en\/wp-json\/wp\/v2\/pages\/1359\/revisions\/1544"}],"wp:attachment":[{"href":"https:\/\/scoala-satchinez.ro\/en\/wp-json\/wp\/v2\/media?parent=1359"}],"curies":[{"name":"wp","href":"https:\/\/api.w.org\/{rel}","templated":true}]}}